{"id":22664,"date":"2017-06-29T05:27:44","date_gmt":"2017-06-29T05:27:44","guid":{"rendered":"http:\/\/localhost\/prestige\/?page_id=22664"},"modified":"2023-05-26T11:47:55","modified_gmt":"2023-05-26T11:47:55","slug":"a-propos","status":"publish","type":"page","link":"https:\/\/www.prestigeparfums.com\/en\/a-propos\/","title":{"rendered":"About"},"content":{"rendered":"<section data-vc-full-width=\"true\" data-vc-full-width-init=\"false\" data-vc-stretch-content=\"true\" class=\"vc_row wpb_row vc_row-fluid  vc_custom_1509689633928 wow fadeIn vc_row-has-fill pofo-stretch-content vc_row-no-padding vc_row-o-equal-height vc_row-flex\"><div class=\"wpb_column vc_column_container vc_col-has-fill vc_col-sm-12 vc_col-lg-6 vc_col-md-6 vc_col-xs-12 wow fadeInLeft sm-text-center pofo-column-responsive-69e44a0b126f5\"><div class=\"vc_column-inner vc_custom_1672966126856\"><div class=\"wpb_wrapper\"><div class=\"vc_row wpb_row vc_inner vc_row-fluid  vc_custom_1672966085464 vc_row-has-fill pofo-inner-row-responsive-69e44a0b12775\"><div class=\"wpb_column vc_column_container vc_col-sm-12  col-xs-mobile-fullwidth\"><div class=\"vc_column-inner vc_custom_1507012129576\"><div class=\"wpb_wrapper\"><span class=\"text-extra-dark-gray margin-20px-bottom font-weight-600 display-inline-block alt-font heading-style2  vc_custom_1675085613632  heading-1\"  style=\"font-size: 16px; line-height: 23px; font-weight: 500; color: #b3242a;\" data-fontsize=\"16px\" data-lineheight=\"23px\">Our Story<\/span><h4 class=\"text-extra-dark-gray margin-20px-bottom font-weight-600 display-inline-block alt-font heading-style2  vc_custom_1675085591410  heading-2\"  style=\"font-weight: 600;\">With over 40 years of experience<\/h4><div class=\"last-paragraph-no-margin pofo-text-block-responsive-69e44a0b12841\" style=\"width: 80%;\"><p class=\"translation-block\">With over 40 years of expertise, Prestige Paris sets high standards which result in the\nconstant pursuit and careful selection of the raw materials to create and manufacture\nperfumes in the finest French tradition.\nFrom the selection of ingredients, the process of perfume creation, all the way to the distribution in more than 70 countries, we oversee every step. Each and every perfume created embodies unique scent blends and ultimate bottle sophistication. Our perfumes are born from a fusion of \u201cSavoir-Faire\u201d (know-how), creativity and excellence.<\/p>\n<\/div><\/div><\/div><\/div><\/div><\/div><\/div><\/div><div class=\"wpb_column vc_column_container vc_col-has-fill vc_col-sm-12 vc_col-lg-6 vc_col-md-6 vc_col-xs-12 wow fadeInRight pofo-column-responsive-69e44a0b12891\"><div class=\"vc_column-inner vc_custom_1678114430023\"><div class=\"wpb_wrapper\"><\/div><\/div><\/div><\/section><div class=\"vc_row-full-width vc_clearfix\"><\/div><section data-vc-full-width=\"true\" data-vc-full-width-init=\"false\" data-vc-stretch-content=\"true\" class=\"vc_row wpb_row vc_row-fluid  vc_custom_1509689633928 wow fadeIn vc_row-has-fill pofo-stretch-content vc_row-no-padding vc_row-o-equal-height vc_row-flex\"><div class=\"wpb_column vc_column_container vc_col-has-fill vc_col-sm-12 vc_col-lg-6 vc_col-md-6 vc_col-xs-12 wow fadeInRight pofo-column-responsive-69e44a0b128f9\"><div class=\"vc_column-inner vc_custom_1678114447633\"><div class=\"wpb_wrapper\"><\/div><\/div><\/div><div class=\"wpb_column vc_column_container vc_col-has-fill vc_col-sm-12 vc_col-lg-6 vc_col-md-6 vc_col-xs-12 wow fadeInLeft sm-text-center pofo-column-responsive-69e44a0b1291e\"><div class=\"vc_column-inner vc_custom_1672966126856\"><div class=\"wpb_wrapper\"><div class=\"vc_row wpb_row vc_inner vc_row-fluid  vc_custom_1672966085464 vc_row-has-fill pofo-inner-row-responsive-69e44a0b1294d\"><div class=\"wpb_column vc_column_container vc_col-sm-12  col-xs-mobile-fullwidth\"><div class=\"vc_column-inner vc_custom_1507012129576\"><div class=\"wpb_wrapper\"><span class=\"text-extra-dark-gray margin-20px-bottom font-weight-600 display-inline-block alt-font heading-style2  vc_custom_1675085889166  heading-3\"  style=\"font-size: 16px; line-height: 23px; font-weight: 500; color: #b3242a;\" data-fontsize=\"16px\" data-lineheight=\"23px\">Our expertise<\/span><h4 class=\"text-extra-dark-gray margin-20px-bottom font-weight-600 display-inline-block alt-font heading-style2  vc_custom_1675085900856  heading-4\"  style=\"font-weight: 600;\">The fragrance is long worked<\/h4><div class=\"last-paragraph-no-margin pofo-text-block-responsive-69e44a0b129bc\" style=\"width: 80%;\"><p>Prestige Paris cultivates a requirement which results in the permanent search for the excellence of the raw materials for the creation and the manufacture of its perfumes in the pure French tradition. We coordinate all stages in the life of a perfume, from the concept to the finished product, up to the distribution of our products in more than 70 countries. The intended goal seems to have been achieved through perfumes with unique combinations and exceptional bottles. Fragrances born from a fusion of know-how, creativity and professionalism. The know-how of Prestige Paris is the result of extreme rigor. duly controlled and tested before being validated by imagining always surprising olfactory architectures, unexpected mixtures, and this in constant quest for innovation. We offer our customers a variety of ranges to suit all tastes, but above all products made with the finest raw materials. We have an innovative, creative and reactive team of designers to design perfumes presented in the most modern forms, classic forms or glamorous forms according to everyone's taste. The know-how of Prestige Paris is the result of extreme rigor.<\/p>\n<\/div><\/div><\/div><\/div><\/div><\/div><\/div><\/div><\/section><div class=\"vc_row-full-width vc_clearfix\"><\/div><section data-vc-full-width=\"true\" data-vc-full-width-init=\"false\" data-vc-stretch-content=\"true\" class=\"vc_row wpb_row vc_row-fluid  vc_custom_1509689633928 wow fadeIn vc_row-has-fill pofo-stretch-content vc_row-no-padding vc_row-o-equal-height vc_row-flex\"><div class=\"wpb_column vc_column_container vc_col-has-fill vc_col-sm-12 vc_col-lg-6 vc_col-md-6 vc_col-xs-12 wow fadeInLeft sm-text-center pofo-column-responsive-69e44a0b12a2e\"><div class=\"vc_column-inner vc_custom_1672966126856\"><div class=\"wpb_wrapper\"><div class=\"vc_row wpb_row vc_inner vc_row-fluid  vc_custom_1672966085464 vc_row-has-fill pofo-inner-row-responsive-69e44a0b12a59\"><div class=\"wpb_column vc_column_container vc_col-sm-12  col-xs-mobile-fullwidth\"><div class=\"vc_column-inner vc_custom_1507012129576\"><div class=\"wpb_wrapper\"><span class=\"text-extra-dark-gray margin-20px-bottom font-weight-600 display-inline-block alt-font heading-style2  vc_custom_1675086004739  heading-5\"  style=\"font-size: 16px; line-height: 23px; font-weight: 500; color: #b3242a;\" data-fontsize=\"16px\" data-lineheight=\"23px\">Made France<\/span><h4 class=\"text-extra-dark-gray margin-20px-bottom font-weight-600 display-inline-block alt-font heading-style2  vc_custom_1675086100029  heading-6\"  style=\"font-weight: 600;\">Prestige Paris is a perfume manufacturer<\/h4><div class=\"last-paragraph-no-margin pofo-text-block-responsive-69e44a0b12ab8\" style=\"width: 80%;\"><p>in the pure French tradition since 1978. We started with a small workshop in the 14th, rue Froidevau. In 1982, we set up the factory in Ivry when we started to develop the company and in 1990, we established ourselves in Saint-Florentin. The international trade opportunity present in Paris was undeniable. This city's reputation for luxury perfumery made it the perfect place to establish the Prestige brand.<\/p>\n<\/div><\/div><\/div><\/div><\/div><\/div><\/div><\/div><div class=\"wpb_column vc_column_container vc_col-has-fill vc_col-sm-12 vc_col-lg-6 vc_col-md-6 vc_col-xs-12 wow fadeInRight pofo-column-responsive-69e44a0b12ae7\"><div class=\"vc_column-inner vc_custom_1678114883561\"><div class=\"wpb_wrapper\"><\/div><\/div><\/div><\/section><div class=\"vc_row-full-width vc_clearfix\"><\/div><section data-vc-full-width=\"true\" data-vc-full-width-init=\"false\" class=\"vc_row wpb_row vc_row-fluid  vc_custom_1673015750013 wow fadeIn vc_row-has-fill pofo-stretch-content pofo-stretch-row-container\"><div class=\"wpb_column vc_column_container vc_col-sm-12  col-xs-mobile-fullwidth text-center md-text-center sm-text-center xs-text-center\"><div class=\"vc_column-inner\"><div class=\"wpb_wrapper\"><h4 class=\"text-extra-dark-gray margin-20px-bottom font-weight-600 display-inline-block alt-font heading-style2  vc_custom_1673014498854  heading-7\"  style=\"font-weight: 600;\">Our Brands<\/h4><div class=\"vc_empty_space\"   style=\"height: 100px\"><span class=\"vc_empty_space_inner\"><\/span><\/div><div id=\"pofo-client-image-slider-1\" class=\"swiper-container pofo-client-image-slider-1  black-move\" data-slider-options=\"{&quot;stopOnLastSlide&quot;:true,&quot;disableOnInteraction&quot;:false,&quot;keyboard&quot;:true,&quot;mousewheel&quot;:false,&quot;slidesPerView&quot;:&quot;1&quot;,&quot;breakpoints&quot;:{&quot;768&quot;:{&quot;slidesPerView&quot;:&quot;3&quot;},&quot;992&quot;:{&quot;slidesPerView&quot;:&quot;3&quot;},&quot;1200&quot;:{&quot;slidesPerView&quot;:&quot;4&quot;}},&quot;loop&quot;:true,&quot;autoplay&quot;:{&quot;delay&quot;:3000}}\"><div class=\"swiper-wrapper\"><div class=\"swiper-slide slide-content-middle text-center\"><img loading=\"lazy\" decoding=\"async\" src=\"https:\/\/i0.wp.com\/www.prestigeparfums.com\/wp-content\/uploads\/2023\/01\/logo-1.png?fit=225%2C110&#038;ssl=1\" width=\"225\" height=\"110\" alt=\"\" srcset=\"https:\/\/i0.wp.com\/www.prestigeparfums.com\/wp-content\/uploads\/2023\/01\/logo-1.png?w=225&amp;ssl=1 225w, https:\/\/i0.wp.com\/www.prestigeparfums.com\/wp-content\/uploads\/2023\/01\/logo-1.png?resize=120%2C59&amp;ssl=1 120w, https:\/\/i0.wp.com\/www.prestigeparfums.com\/wp-content\/uploads\/2023\/01\/logo-1.png?resize=81%2C40&amp;ssl=1 81w\" sizes=\"auto, (max-width: 225px) 100vw, 225px\"\/><\/div><div class=\"swiper-slide slide-content-middle text-center\"><img loading=\"lazy\" decoding=\"async\" src=\"https:\/\/i0.wp.com\/www.prestigeparfums.com\/wp-content\/uploads\/2023\/01\/logo-2.png?fit=225%2C110&#038;ssl=1\" width=\"225\" height=\"110\" alt=\"\" srcset=\"https:\/\/i0.wp.com\/www.prestigeparfums.com\/wp-content\/uploads\/2023\/01\/logo-2.png?w=225&amp;ssl=1 225w, https:\/\/i0.wp.com\/www.prestigeparfums.com\/wp-content\/uploads\/2023\/01\/logo-2.png?resize=120%2C59&amp;ssl=1 120w, https:\/\/i0.wp.com\/www.prestigeparfums.com\/wp-content\/uploads\/2023\/01\/logo-2.png?resize=81%2C40&amp;ssl=1 81w\" sizes=\"auto, (max-width: 225px) 100vw, 225px\"\/><\/div><div class=\"swiper-slide slide-content-middle text-center\"><img loading=\"lazy\" decoding=\"async\" src=\"https:\/\/i0.wp.com\/www.prestigeparfums.com\/wp-content\/uploads\/2023\/01\/Logo-3.png?fit=225%2C110&#038;ssl=1\" width=\"225\" height=\"110\" alt=\"\" srcset=\"https:\/\/i0.wp.com\/www.prestigeparfums.com\/wp-content\/uploads\/2023\/01\/Logo-3.png?w=225&amp;ssl=1 225w, https:\/\/i0.wp.com\/www.prestigeparfums.com\/wp-content\/uploads\/2023\/01\/Logo-3.png?resize=120%2C59&amp;ssl=1 120w, https:\/\/i0.wp.com\/www.prestigeparfums.com\/wp-content\/uploads\/2023\/01\/Logo-3.png?resize=81%2C40&amp;ssl=1 81w\" sizes=\"auto, (max-width: 225px) 100vw, 225px\"\/><\/div><div class=\"swiper-slide slide-content-middle text-center\"><img loading=\"lazy\" decoding=\"async\" src=\"https:\/\/i0.wp.com\/www.prestigeparfums.com\/wp-content\/uploads\/2023\/01\/logo-4.png?fit=225%2C110&#038;ssl=1\" width=\"225\" height=\"110\" alt=\"\" srcset=\"https:\/\/i0.wp.com\/www.prestigeparfums.com\/wp-content\/uploads\/2023\/01\/logo-4.png?w=225&amp;ssl=1 225w, https:\/\/i0.wp.com\/www.prestigeparfums.com\/wp-content\/uploads\/2023\/01\/logo-4.png?resize=120%2C59&amp;ssl=1 120w, https:\/\/i0.wp.com\/www.prestigeparfums.com\/wp-content\/uploads\/2023\/01\/logo-4.png?resize=81%2C40&amp;ssl=1 81w\" sizes=\"auto, (max-width: 225px) 100vw, 225px\"\/><\/div><\/div><\/div><\/div><\/div><\/div><\/section><div class=\"vc_row-full-width vc_clearfix\"><\/div>","protected":false},"excerpt":{"rendered":"Notre histoireDot\u00e9e de plus de 40 ans d\u2019exp\u00e9riencePrestige Paris cultive une exigence qui se traduit par la recherche permanente de l\u2019excellence des mati\u00e8res premi\u00e8res pour la cr\u00e9ation et la fabrication de ses parfums dans la pure tradition fran\u00e7aise. Nous coordonnons toutes les \u00e9tapes de la vie d\u2019un parfum du concept au produit fini jusqu\u2019\u00e0 la distribution de nos produits dans plus de 70 pays. Le but vis\u00e9 semble avoir \u00e9t\u00e9 atteint \u00e0 travers des parfums aux associations uniques et aux flacons exceptionnels. Des parfums n\u00e9s d\u2019une fusion entre savoir-faire, cr\u00e9ativit\u00e9 et professionnalisme. Le Savoir-faire de Prestige Paris est le fruit d\u2019une extr\u00eame exigence. Notre savoir faireLa fragrance est longtemps travaill\u00e9ePrestige Paris cultive une exigence qui se traduit par la recherche permanente de l\u2019excellence des mati\u00e8res premi\u00e8res pour la cr\u00e9ation et la fabrication de ses parfums dans la pure tradition fran\u00e7aise. Nous coordonnons toutes les \u00e9tapes de la vie d\u2019un parfum du concept au produit fini jusqu\u2019\u00e0 la distribution de nos produits dans plus de 70 pays. Le but vis\u00e9 semble avoir \u00e9t\u00e9 atteint \u00e0 travers des parfums aux associations uniques et aux flacons exceptionnels. Des parfums n\u00e9s d\u2019une fusion entre savoir-faire, cr\u00e9ativit\u00e9 et professionnalisme. Le Savoir-faire de Prestige Paris est...","protected":false},"author":1,"featured_media":22711,"parent":0,"menu_order":0,"comment_status":"closed","ping_status":"closed","template":"","meta":{"footnotes":""},"class_list":["post-22664","page","type-page","status-publish","has-post-thumbnail","hentry"],"yoast_head":"<!-- This site is optimized with the Yoast SEO plugin v24.8.1 - https:\/\/yoast.com\/wordpress\/plugins\/seo\/ -->\n<title>A propos - Prestige Parfums<\/title>\n<meta name=\"robots\" content=\"index, follow, max-snippet:-1, max-image-preview:large, max-video-preview:-1\" \/>\n<link rel=\"canonical\" href=\"https:\/\/www.prestigeparfums.com\/en\/a-propos\/\" \/>\n<meta property=\"og:locale\" content=\"en_US\" \/>\n<meta property=\"og:type\" content=\"article\" \/>\n<meta property=\"og:title\" content=\"A propos - Prestige Parfums\" \/>\n<meta property=\"og:url\" content=\"https:\/\/www.prestigeparfums.com\/en\/a-propos\/\" \/>\n<meta property=\"og:site_name\" content=\"Prestige Parfums\" \/>\n<meta property=\"article:publisher\" content=\"https:\/\/www.facebook.com\/PrestigeParfumsParis\" \/>\n<meta property=\"article:modified_time\" content=\"2023-05-26T11:47:55+00:00\" \/>\n<meta property=\"og:image\" content=\"https:\/\/i0.wp.com\/www.prestigeparfums.com\/wp-content\/uploads\/2023\/01\/Slide.jpg?fit=1920%2C955&ssl=1\" \/>\n\t<meta property=\"og:image:width\" content=\"1920\" \/>\n\t<meta property=\"og:image:height\" content=\"955\" \/>\n\t<meta property=\"og:image:type\" content=\"image\/jpeg\" \/>\n<meta name=\"twitter:card\" content=\"summary_large_image\" \/>\n<meta name=\"twitter:label1\" content=\"Est. reading time\" \/>\n\t<meta name=\"twitter:data1\" content=\"8 minutes\" \/>\n<script type=\"application\/ld+json\" class=\"yoast-schema-graph\">{\"@context\":\"https:\/\/schema.org\",\"@graph\":[{\"@type\":\"WebPage\",\"@id\":\"https:\/\/www.prestigeparfums.com\/a-propos\/\",\"url\":\"https:\/\/www.prestigeparfums.com\/a-propos\/\",\"name\":\"A propos - Prestige Parfums\",\"isPartOf\":{\"@id\":\"https:\/\/www.prestigeparfums.com\/#website\"},\"primaryImageOfPage\":{\"@id\":\"https:\/\/www.prestigeparfums.com\/a-propos\/#primaryimage\"},\"image\":{\"@id\":\"https:\/\/www.prestigeparfums.com\/a-propos\/#primaryimage\"},\"thumbnailUrl\":\"https:\/\/i0.wp.com\/www.prestigeparfums.com\/wp-content\/uploads\/2023\/01\/Slide.jpg?fit=1920%2C955&ssl=1\",\"datePublished\":\"2017-06-29T05:27:44+00:00\",\"dateModified\":\"2023-05-26T11:47:55+00:00\",\"breadcrumb\":{\"@id\":\"https:\/\/www.prestigeparfums.com\/a-propos\/#breadcrumb\"},\"inLanguage\":\"en-US\",\"potentialAction\":[{\"@type\":\"ReadAction\",\"target\":[\"https:\/\/www.prestigeparfums.com\/a-propos\/\"]}]},{\"@type\":\"ImageObject\",\"inLanguage\":\"en-US\",\"@id\":\"https:\/\/www.prestigeparfums.com\/a-propos\/#primaryimage\",\"url\":\"https:\/\/i0.wp.com\/www.prestigeparfums.com\/wp-content\/uploads\/2023\/01\/Slide.jpg?fit=1920%2C955&ssl=1\",\"contentUrl\":\"https:\/\/i0.wp.com\/www.prestigeparfums.com\/wp-content\/uploads\/2023\/01\/Slide.jpg?fit=1920%2C955&ssl=1\",\"width\":1920,\"height\":955},{\"@type\":\"BreadcrumbList\",\"@id\":\"https:\/\/www.prestigeparfums.com\/a-propos\/#breadcrumb\",\"itemListElement\":[{\"@type\":\"ListItem\",\"position\":1,\"name\":\"Home\",\"item\":\"https:\/\/www.prestigeparfums.com\/\"},{\"@type\":\"ListItem\",\"position\":2,\"name\":\"A propos\"}]},{\"@type\":\"WebSite\",\"@id\":\"https:\/\/www.prestigeparfums.com\/#website\",\"url\":\"https:\/\/www.prestigeparfums.com\/\",\"name\":\"Prestige Parfums\",\"description\":\"Established in Paris in 1978\",\"publisher\":{\"@id\":\"https:\/\/www.prestigeparfums.com\/#organization\"},\"potentialAction\":[{\"@type\":\"SearchAction\",\"target\":{\"@type\":\"EntryPoint\",\"urlTemplate\":\"https:\/\/www.prestigeparfums.com\/?s={search_term_string}\"},\"query-input\":{\"@type\":\"PropertyValueSpecification\",\"valueRequired\":true,\"valueName\":\"search_term_string\"}}],\"inLanguage\":\"en-US\"},{\"@type\":\"Organization\",\"@id\":\"https:\/\/www.prestigeparfums.com\/#organization\",\"name\":\"Prestige Parfums\",\"url\":\"https:\/\/www.prestigeparfums.com\/\",\"logo\":{\"@type\":\"ImageObject\",\"inLanguage\":\"en-US\",\"@id\":\"https:\/\/www.prestigeparfums.com\/#\/schema\/logo\/image\/\",\"url\":\"https:\/\/i0.wp.com\/www.prestigeparfums.com\/wp-content\/uploads\/2023\/03\/logo-noir.png?fit=300%2C177&ssl=1\",\"contentUrl\":\"https:\/\/i0.wp.com\/www.prestigeparfums.com\/wp-content\/uploads\/2023\/03\/logo-noir.png?fit=300%2C177&ssl=1\",\"width\":300,\"height\":177,\"caption\":\"Prestige Parfums\"},\"image\":{\"@id\":\"https:\/\/www.prestigeparfums.com\/#\/schema\/logo\/image\/\"},\"sameAs\":[\"https:\/\/www.facebook.com\/PrestigeParfumsParis\",\"https:\/\/www.instagram.com\/prestigeparfumsparis\/?hl=en\",\"https:\/\/www.linkedin.com\/company\/prestige-parfums-paris?trk=similar-pages&originalSubdomain=fr\"]}]}<\/script>\n<!-- \/ Yoast SEO plugin. -->","yoast_head_json":{"title":"A propos - Prestige Parfums","robots":{"index":"index","follow":"follow","max-snippet":"max-snippet:-1","max-image-preview":"max-image-preview:large","max-video-preview":"max-video-preview:-1"},"canonical":"https:\/\/www.prestigeparfums.com\/en\/a-propos\/","og_locale":"en_US","og_type":"article","og_title":"A propos - Prestige Parfums","og_url":"https:\/\/www.prestigeparfums.com\/en\/a-propos\/","og_site_name":"Prestige Parfums","article_publisher":"https:\/\/www.facebook.com\/PrestigeParfumsParis","article_modified_time":"2023-05-26T11:47:55+00:00","og_image":[{"width":1920,"height":955,"url":"https:\/\/i0.wp.com\/www.prestigeparfums.com\/wp-content\/uploads\/2023\/01\/Slide.jpg?fit=1920%2C955&ssl=1","type":"image\/jpeg"}],"twitter_card":"summary_large_image","twitter_misc":{"Est. reading time":"8 minutes"},"schema":{"@context":"https:\/\/schema.org","@graph":[{"@type":"WebPage","@id":"https:\/\/www.prestigeparfums.com\/a-propos\/","url":"https:\/\/www.prestigeparfums.com\/a-propos\/","name":"A propos - Prestige Parfums","isPartOf":{"@id":"https:\/\/www.prestigeparfums.com\/#website"},"primaryImageOfPage":{"@id":"https:\/\/www.prestigeparfums.com\/a-propos\/#primaryimage"},"image":{"@id":"https:\/\/www.prestigeparfums.com\/a-propos\/#primaryimage"},"thumbnailUrl":"https:\/\/i0.wp.com\/www.prestigeparfums.com\/wp-content\/uploads\/2023\/01\/Slide.jpg?fit=1920%2C955&ssl=1","datePublished":"2017-06-29T05:27:44+00:00","dateModified":"2023-05-26T11:47:55+00:00","breadcrumb":{"@id":"https:\/\/www.prestigeparfums.com\/a-propos\/#breadcrumb"},"inLanguage":"en-US","potentialAction":[{"@type":"ReadAction","target":["https:\/\/www.prestigeparfums.com\/a-propos\/"]}]},{"@type":"ImageObject","inLanguage":"en-US","@id":"https:\/\/www.prestigeparfums.com\/a-propos\/#primaryimage","url":"https:\/\/i0.wp.com\/www.prestigeparfums.com\/wp-content\/uploads\/2023\/01\/Slide.jpg?fit=1920%2C955&ssl=1","contentUrl":"https:\/\/i0.wp.com\/www.prestigeparfums.com\/wp-content\/uploads\/2023\/01\/Slide.jpg?fit=1920%2C955&ssl=1","width":1920,"height":955},{"@type":"BreadcrumbList","@id":"https:\/\/www.prestigeparfums.com\/a-propos\/#breadcrumb","itemListElement":[{"@type":"ListItem","position":1,"name":"Home","item":"https:\/\/www.prestigeparfums.com\/"},{"@type":"ListItem","position":2,"name":"A propos"}]},{"@type":"WebSite","@id":"https:\/\/www.prestigeparfums.com\/#website","url":"https:\/\/www.prestigeparfums.com\/","name":"Prestige Parfums","description":"Established in Paris in 1978","publisher":{"@id":"https:\/\/www.prestigeparfums.com\/#organization"},"potentialAction":[{"@type":"SearchAction","target":{"@type":"EntryPoint","urlTemplate":"https:\/\/www.prestigeparfums.com\/?s={search_term_string}"},"query-input":{"@type":"PropertyValueSpecification","valueRequired":true,"valueName":"search_term_string"}}],"inLanguage":"en-US"},{"@type":"Organization","@id":"https:\/\/www.prestigeparfums.com\/#organization","name":"Prestige Parfums","url":"https:\/\/www.prestigeparfums.com\/","logo":{"@type":"ImageObject","inLanguage":"en-US","@id":"https:\/\/www.prestigeparfums.com\/#\/schema\/logo\/image\/","url":"https:\/\/i0.wp.com\/www.prestigeparfums.com\/wp-content\/uploads\/2023\/03\/logo-noir.png?fit=300%2C177&ssl=1","contentUrl":"https:\/\/i0.wp.com\/www.prestigeparfums.com\/wp-content\/uploads\/2023\/03\/logo-noir.png?fit=300%2C177&ssl=1","width":300,"height":177,"caption":"Prestige Parfums"},"image":{"@id":"https:\/\/www.prestigeparfums.com\/#\/schema\/logo\/image\/"},"sameAs":["https:\/\/www.facebook.com\/PrestigeParfumsParis","https:\/\/www.instagram.com\/prestigeparfumsparis\/?hl=en","https:\/\/www.linkedin.com\/company\/prestige-parfums-paris?trk=similar-pages&originalSubdomain=fr"]}]}},"jetpack-related-posts":[],"jetpack_sharing_enabled":true,"_links":{"self":[{"href":"https:\/\/www.prestigeparfums.com\/en\/wp-json\/wp\/v2\/pages\/22664","targetHints":{"allow":["GET"]}}],"collection":[{"href":"https:\/\/www.prestigeparfums.com\/en\/wp-json\/wp\/v2\/pages"}],"about":[{"href":"https:\/\/www.prestigeparfums.com\/en\/wp-json\/wp\/v2\/types\/page"}],"author":[{"embeddable":true,"href":"https:\/\/www.prestigeparfums.com\/en\/wp-json\/wp\/v2\/users\/1"}],"replies":[{"embeddable":true,"href":"https:\/\/www.prestigeparfums.com\/en\/wp-json\/wp\/v2\/comments?post=22664"}],"version-history":[{"count":18,"href":"https:\/\/www.prestigeparfums.com\/en\/wp-json\/wp\/v2\/pages\/22664\/revisions"}],"predecessor-version":[{"id":23053,"href":"https:\/\/www.prestigeparfums.com\/en\/wp-json\/wp\/v2\/pages\/22664\/revisions\/23053"}],"wp:featuredmedia":[{"embeddable":true,"href":"https:\/\/www.prestigeparfums.com\/en\/wp-json\/wp\/v2\/media\/22711"}],"wp:attachment":[{"href":"https:\/\/www.prestigeparfums.com\/en\/wp-json\/wp\/v2\/media?parent=22664"}],"curies":[{"name":"wp","href":"https:\/\/api.w.org\/{rel}","templated":true}]}}